{"id":1691,"date":"2021-10-07T11:45:32","date_gmt":"2021-10-07T08:45:32","guid":{"rendered":"https:\/\/d-mat.fi\/klimatpusslet\/"},"modified":"2026-04-01T13:59:23","modified_gmt":"2026-04-01T10:59:23","slug":"klimatpusslet","status":"publish","type":"page","link":"https:\/\/d-mat.fi\/sv\/klimatpusslet\/","title":{"rendered":"Klimatpusslet"},"content":{"rendered":"\n<h2>\n\t\tKlimatpusslet\n\t<\/h2>\n\t<p>Med Klimatpusslet planerar du en h\u00e5llbar livsstil. Spelet illustrerar storleken p\u00e5 den f\u00f6r\u00e4ndring som kr\u00e4vs och den verkliga betydelsen av olika vardagliga handlingar. F\u00f6rutom att gestalta de egna m\u00e5len, uppmuntrar Klimatpusslet till att fundera \u00f6ver hur samh\u00e4llet b\u00f6r f\u00f6r\u00e4ndras f\u00f6r att g\u00f6ra det l\u00e4ttare och snabbare att genomf\u00f6ra h\u00e5llbara livsstilar.<\/p>\n<p>Klimatpusslet l\u00e4mpar sig perfekt f\u00f6r individer och hush\u00e5ll, men ocks\u00e5 f\u00f6r skolor och l\u00e4roanstalter. Det kan anv\u00e4ndas m\u00e5ngsidigt som ett undervisningsspel om klimatkrisen och h\u00e5llbara levnadsvanor, samt som ett medel f\u00f6r att v\u00e4cka diskussion.\u00a0Inneh\u00e5llet och m\u00e5len i Klimatpusslet baserar sig p\u00e5 vetenskaplig forskning.<\/p>\n\t\t\t<a href=\"https:\/\/climatepuzzle.sumupstore.com\" target=\"_self\" rel=\"noopener\">\n\t\t\t\t\t\t\tBest\u00e4ll Klimatpusslet\n\t\t\t\t\t<\/a>\n\t\t\t\t<img decoding=\"async\" loading=\"lazy\" src=\"https:\/\/d-mat.fi\/wp-content\/uploads\/2022\/08\/D-mat_kuvittavat_ikonit_080822_kasvi2_palapeli.png\" alt=\"D-mat_kuvittavat_ikonit_080822_kasvi2_palapeli\" itemprop=\"image\" height=\"1251\" width=\"1251\" title=\"D-mat_kuvittavat_ikonit_080822_kasvi2_palapeli\" onerror=\"this.style.display='none'\"  \/>\n\t\t\t\t<img decoding=\"async\" loading=\"lazy\" src=\"https:\/\/d-mat.fi\/wp-content\/uploads\/2025\/08\/D-mat_kuvittavat_ikonit_080822_kasvi2_palapeli-hiilijalanjalki-nega.png\" alt=\"D-mat_kuvittavat_ikonit_080822_kasvi2_palapeli - hiilijalanj\u00e4lki nega\" itemprop=\"image\" height=\"1251\" width=\"1251\" title=\"D-mat_kuvittavat_ikonit_080822_kasvi2_palapeli - hiilijalanj\u00e4lki nega\" onerror=\"this.style.display='none'\"  \/>\n<h2>\n\t\tF\u00f6r vem passar Klimatpusslet?\n\t<\/h2>\n\t<p>Klimatpusslet riktar sig till alla som \u00e4r intresserade av h\u00e5llbara levnadsvanor. Spelet g\u00e5r att anv\u00e4nda f\u00f6r att planera klimatsmarta livsstilsf\u00f6r\u00e4ndringar och f\u00f6r undervisning i klimatfr\u00e5gor. D\u00e5 Klimatpusslet spelas i grupp l\u00e4mpar det sig \u00e4ven utm\u00e4rkt som en diskussions\u00f6ppnare.<\/p>\n<p>Det m\u00e5ngsidiga spelet g\u00e5r att anv\u00e4nda f\u00f6r planering eller som ett pedagogiskt spel och l\u00e4mpar sig f\u00f6r ungdomar fr\u00e5n 13-\u00e5rs \u00e5lder upp\u00e5t samt f\u00f6r vuxna. Spelet kan anv\u00e4ndas ensam, i grupper eller till exempel tillsammans med det egna hush\u00e5llet eller arbetsgruppen. De yngsta i familjen kan delta i planeringen tillsammans med sina f\u00f6r\u00e4ldrar.<\/p>\n<p>Du kommer ig\u00e5ng med spelandet med hj\u00e4lp av instruktionerna som h\u00f6r till spelet.<\/p>\n\t<p><strong>KLIMATPUSSLET INNEH\u00c5LLER<\/strong><\/p>\n<ul>\n<li>\n<ul>\n<li>1 tv\u00e5sidigt spelbr\u00e4de<\/li>\n<li>2 Mitt koldioxidavtryck-m\u00e4rken<\/li>\n<li>144 klimatsmarta handlingar<\/li>\n<li>26 tomma bitar<\/li>\n<li>1 M\u00e5l 2035-m\u00e4rke<\/li>\n<li>1 M\u00e5l 2050-m\u00e4rke<\/li>\n<li>3 Aktivitetskort<\/li>\n<li>4 \u00d6nskekort<\/li>\n<li>Spelguide<\/li>\n<li>Guide f\u00f6r den som ordnar och leder en workshop (pdf)<\/li>\n<\/ul>\n<\/li>\n<\/ul>\n<p>&nbsp;<\/p>\n<p><strong>BEST\u00c4LL DEN NYA 2025 VERSIONEN TILL REDUCERAT PRIS<\/strong><\/p>\n<p><strong>Pris (inkl. moms och leverans inom Finland): <\/strong>99\u20ac\/st (Normalt 159\u20ac\/st)<\/p>\n<p><strong>Betalningss\u00e4tt:<\/strong> Fr\u00e5n v\u00e5r <a href=\"https:\/\/climatepuzzle.sumupstore.com\/\">onlinebutik. <\/a>D\u00e5 du i best\u00e4llningsblanketten meddelar storleken p\u00e5 din best\u00e4llning, f\u00e5r du ett svarsmeddelande med faktura och betalningsinstruktioner.<\/p>\n<p><strong>Leverans:<\/strong> Vi skickar spelen som paket via Posten.<\/p>\n<p>Ifall du vill best\u00e4lla en st\u00f6rre m\u00e4ngd spel eller att vi levererar till ett annat land, be oss om ett personligt erbjudande!<\/p>\n<p>&nbsp;<\/p>\n<p>&nbsp;<\/p>\n\t\t\t\t<img decoding=\"async\" loading=\"lazy\" src=\"https:\/\/d-mat.fi\/wp-content\/uploads\/2022\/06\/klimatpusslet-2.png\" alt=\"klimatpusslet\" itemprop=\"image\" height=\"822\" width=\"1468\" title=\"klimatpusslet\" onerror=\"this.style.display='none'\"  \/>\n<h2>\n\t\tS\u00e5 h\u00e4r fungerar Klimatpusslet\n\t<\/h2>\n\t<strong>1. Koldioxidavtryck<\/strong><br \/>\nSpelet p\u00e5b\u00f6rjas med att koldioxidavtrycket markeras p\u00e5 spelbr\u00e4det. Utg\u00e5ngsniv\u00e5n kan till exempel vara ditt eget eller det egna hush\u00e5llets koldioxidavtryck.\n\t<strong>2. Klimatsmarta handlingar<\/strong><br \/>\nI det f\u00f6ljande steget av spelet g\u00e5r man igenom och v\u00e4ljer handlingar som minskar koldioxidavtrycket. Klimatpusslet inneh\u00e5ller cirka 100 handlingar.\n\t<strong>3. Plan f\u00f6r h\u00e5llbara levnadsvanor <\/strong><br \/>\nD\u00e5 handlingarna \u00e4r valda, skapas en plan f\u00f6r h\u00e5llbara levnadsvanor fram till \u00e5r 2030 p\u00e5 basen av de handlingar du valt.\n\t<strong>4. Mitt experiment<\/strong><br \/>\nI det h\u00e4r skedet funderar du och gruppen n\u00e4rmare p\u00e5 de handlingar som genast kan p\u00e5b\u00f6rjas. Vad kr\u00e4vs f\u00f6r att testa eller f\u00f6rverkliga handlingen?\n\t<strong>5. \u00d6nskem\u00e5l<\/strong><br \/>\nD\u00e5 de egna m\u00f6jligheterna och m\u00e5ls\u00e4ttningarna har blivit kartlagda, hj\u00e4lper \u00d6nskekortens fr\u00e5gor att fundera kring vem som kan underl\u00e4tta och f\u00f6rsnabba \u00f6verg\u00e5ngen till klimatsmarta handlingar och hur.\n\t<strong>6. Testperiod<\/strong><br \/>\nDags att minska koldioxidavtrycket! De handlingar du valt kan du nu pr\u00f6va till exempel under en veckas, en m\u00e5nads eller varf\u00f6r inte under ett \u00e5rs tid &#8211; \u00e4nda fram till \u00e5r 2030.\n<h2>\n\t\tUppdatera ditt Klimatpussel till 2025 versionen!\n\t<\/h2>\n\t<p><strong>Uppdatera ditt Klimatpussel med expansionen 2025<\/strong>. Expansionen inneh\u00e5ller nya m\u00e5l och klimatsmarta handlingar f\u00f6r ditt Klimatpussel. Du beh\u00f6ver ett expansionspaket per spel.<\/p>\n<p><strong>Pris<\/strong> (inklusive moms och leverans inom Finland): 20 \u20ac\/st.<\/p>\n\t\t\t<a href=\"https:\/\/climatepuzzle.sumupstore.com\/product\/klimatpusslet-expansion-uppdatera-ditt-klimatpussel-till-2025-versionen\" target=\"_self\" rel=\"noopener\">\n\t\t\t\t\t\t\tBest\u00e4ll expansionen\n\t\t\t\t\t<\/a>\n\t\t\t\t<img decoding=\"async\" loading=\"lazy\" src=\"https:\/\/d-mat.fi\/wp-content\/uploads\/2025\/08\/Lisaosa-SV-25-300x291.jpg\" alt=\"Lis\u00e4osa SV-25\" itemprop=\"image\" height=\"291\" width=\"300\" title=\"Lis\u00e4osa SV-25\" onerror=\"this.style.display='none'\"  \/>\n\t<h2>Kontakta oss!<\/h2>\n\t<p>Med det h\u00e4r formul\u00e4ret kan du fr\u00e5ga mer om Klimatpusslet eller best\u00e4lla spelet.<\/p>\n<p>Vi \u00e5terkommer till dig via e-post s\u00e5 snart som m\u00f6jligt!<\/p>\n\t<div role=\"form\" class=\"wpcf7\" id=\"wpcf7-f1705-o1\" lang=\"sv-SE\" dir=\"ltr\">\n<div class=\"screen-reader-response\"><p role=\"status\" aria-live=\"polite\" aria-atomic=\"true\"><\/p> <ul><\/ul><\/div>\n<form action=\"\/sv\/wp-json\/wp\/v2\/pages\/1691#wpcf7-f1705-o1\" method=\"post\" class=\"wpcf7-form init mailchimp-ext-0.5.69\" novalidate=\"novalidate\" data-status=\"init\">\n<div style=\"display: none;\">\n<input type=\"hidden\" name=\"_wpcf7\" value=\"1705\" \/>\n<input type=\"hidden\" name=\"_wpcf7_version\" value=\"5.6.2\" \/>\n<input type=\"hidden\" name=\"_wpcf7_locale\" value=\"sv_SE\" \/>\n<input type=\"hidden\" name=\"_wpcf7_unit_tag\" value=\"wpcf7-f1705-o1\" \/>\n<input type=\"hidden\" name=\"_wpcf7_container_post\" value=\"0\" \/>\n<input type=\"hidden\" name=\"_wpcf7_posted_data_hash\" value=\"\" \/>\n<input type=\"hidden\" name=\"_wpcf7_recaptcha_response\" value=\"\" \/>\n<\/div>\n<p><label> Namn*<br \/>\n    <span class=\"wpcf7-form-control-wrap\" data-name=\"your-name\"><input type=\"text\" name=\"your-name\" value=\"\" size=\"40\" class=\"wpcf7-form-control wpcf7-text wpcf7-validates-as-required\" aria-required=\"true\" aria-invalid=\"false\" \/><\/span> <\/label><\/p>\n<p><label> Telefonnummer*<br \/>\n    <span class=\"wpcf7-form-control-wrap\" data-name=\"puhelin\"><input type=\"tel\" name=\"puhelin\" value=\"\" size=\"40\" class=\"wpcf7-form-control wpcf7-text wpcf7-tel wpcf7-validates-as-required wpcf7-validates-as-tel\" aria-required=\"true\" aria-invalid=\"false\" \/><\/span> <\/label><\/p>\n<p><label> E-post*<br \/>\n    <span class=\"wpcf7-form-control-wrap\" data-name=\"your-email\"><input type=\"email\" name=\"your-email\" value=\"\" size=\"40\" class=\"wpcf7-form-control wpcf7-text wpcf7-email wpcf7-validates-as-required wpcf7-validates-as-email\" aria-required=\"true\" aria-invalid=\"false\" \/><\/span> <\/label><\/p>\n<p><label> Organisation<br \/>\n    <span class=\"wpcf7-form-control-wrap\" data-name=\"organisaatio\"><input type=\"text\" name=\"organisaatio\" value=\"\" size=\"40\" class=\"wpcf7-form-control wpcf7-text\" aria-invalid=\"false\" \/><\/span> <\/label><\/p>\n<p><label>Produkt eller service som min best\u00e4llning eller f\u00f6rfr\u00e5gan ang\u00e5r*:<\/label><br \/>\n    <span class=\"wpcf7-form-control-wrap\" data-name=\"checkbox-310\"><span class=\"wpcf7-form-control wpcf7-checkbox wpcf7-validates-as-required\"><span class=\"wpcf7-list-item first last\"><label><input type=\"checkbox\" name=\"checkbox-310[]\" value=\"Klimatpusslet\" \/><span class=\"wpcf7-list-item-label\">Klimatpusslet<\/span><\/label><\/span><\/span><\/span> <\/p>\n<p><label> Till\u00e4ggsinformation och faktureringsadress: n\u00e4r du g\u00f6r en best\u00e4llning, kan du skriva storleken p\u00e5 best\u00e4llningen och faktureringsadressen i meddelandef\u00e4ltet.<br \/>\n<span class=\"wpcf7-form-control-wrap\" data-name=\"textarea-627\"><textarea name=\"textarea-627\" cols=\"40\" rows=\"10\" class=\"wpcf7-form-control wpcf7-textarea\" aria-invalid=\"false\"><\/textarea><\/span> <\/label><\/p>\n<p><label> Klicka h\u00e4r om du vill skicka en f\u00f6rfr\u00e5gan till oss ist\u00e4llet f\u00f6r att g\u00f6ra en best\u00e4llning. I s\u00e5 fall kan du ange din fr\u00e5ga i meddelanderutan 'Till\u00e4ggsinformation' ovan.<\/label><br \/>\n<span class=\"wpcf7-form-control-wrap\" data-name=\"checkbox-315\"><span class=\"wpcf7-form-control wpcf7-checkbox\"><span class=\"wpcf7-list-item first last\"><label><input type=\"checkbox\" name=\"checkbox-315[]\" value=\"Jag vill be om mer information\" \/><span class=\"wpcf7-list-item-label\">Jag vill be om mer information<\/span><\/label><\/span><\/span><\/span><\/p>\n<p><label> Leveransadress: N\u00e4r du g\u00f6r en best\u00e4llning ska du bara ange leveransadressen i meddelandef\u00e4ltet om den skiljer sig fr\u00e5n faktureringsadressen ovan.<br \/>\n<span class=\"wpcf7-form-control-wrap\" data-name=\"textarea-39\"><textarea name=\"textarea-39\" cols=\"40\" rows=\"10\" class=\"wpcf7-form-control wpcf7-textarea\" aria-invalid=\"false\"><\/textarea><\/span> <\/label><\/p>\n<p><label> Samtycke:<\/label><br \/>\n    <span class=\"wpcf7-form-control-wrap\" data-name=\"checkbox-311\"><span class=\"wpcf7-form-control wpcf7-checkbox\"><span class=\"wpcf7-list-item first last\"><label><input type=\"checkbox\" name=\"checkbox-311[]\" value=\"Jag vill best\u00e4lla Klimatpusslets nyhetsbrev (fi)\" \/><span class=\"wpcf7-list-item-label\">Jag vill best\u00e4lla Klimatpusslets nyhetsbrev (fi)<\/span><\/label><\/span><\/span><\/span><\/p>\n<p><span class=\"wpcf7-form-control-wrap\" data-name=\"checkbox-312\"><span class=\"wpcf7-form-control wpcf7-checkbox\"><span class=\"wpcf7-list-item first last\"><label><input type=\"checkbox\" name=\"checkbox-312[]\" value=\"Jag godk\u00e4nner behandling av mina personuppgifter i enlighet med D-mat ab:s dataskyddsrapport (fi, tietosuojaseloste)\" \/><span class=\"wpcf7-list-item-label\">Jag godk\u00e4nner behandling av mina personuppgifter i enlighet med D-mat ab:s dataskyddsrapport (fi, tietosuojaseloste)<\/span><\/label><\/span><\/span><\/span><\/p>\n<p><input type=\"submit\" value=\"Skicka\" class=\"wpcf7-form-control has-spinner wpcf7-submit\" \/><\/p>\n<div class=\"wpcf7-response-output\" aria-hidden=\"true\"><\/div><p style=\"display: none !important\"><span class=\"wpcf7-form-control-wrap referer-page\"><input type=\"hidden\" name=\"referer-page\" value=\"http:\/\/Direct%20Visit\" data-value=\"http:\/\/Direct%20Visit\" class=\"wpcf7-form-control wpcf7-text referer-page\" aria-invalid=\"false\"><\/span><\/p>\n<!-- Chimpmatic extension by Renzo Johnson --><\/form><\/div>\n\n","protected":false},"excerpt":{"rendered":"<p>Klimatpusslet Med Klimatpusslet planerar du en h\u00e5llbar livsstil. Spelet illustrerar storleken p\u00e5 den f\u00f6r\u00e4ndring som kr\u00e4vs och den verkliga betydelsen av olika vardagliga handlingar. F\u00f6rutom att gestalta de egna m\u00e5len, uppmuntrar Klimatpusslet till att fundera \u00f6ver hur samh\u00e4llet b\u00f6r f\u00f6r\u00e4ndras f\u00f6r att g\u00f6ra det l\u00e4ttare och snabbare att genomf\u00f6ra h\u00e5llbara livsstilar. Klimatpusslet l\u00e4mpar sig perfekt&hellip;<\/p>\n","protected":false},"author":1,"featured_media":2961,"parent":0,"menu_order":0,"comment_status":"closed","ping_status":"closed","template":"","meta":{"footnotes":""},"acf":[],"yoast_head":"<!-- This site is optimized with the Yoast SEO plugin v20.13 - https:\/\/yoast.com\/wordpress\/plugins\/seo\/ -->\n<title>Klimatpusslet - D-mat - Med Klimatpusslet planerar du en h\u00e5llbar livsstil.<\/title>\n<meta name=\"description\" content=\"Klimatpusslet | Spelet illustrerar storleken p\u00e5 den f\u00f6r\u00e4ndring som kr\u00e4vs och den verkliga betydelsen av olika vardagliga handlingar.\" \/>\n<meta name=\"robots\" content=\"index, follow, max-snippet:-1, max-image-preview:large, max-video-preview:-1\" \/>\n<link rel=\"canonical\" href=\"https:\/\/d-mat.fi\/sv\/klimatpusslet\/\" \/>\n<meta property=\"og:locale\" content=\"sv_SE\" \/>\n<meta property=\"og:type\" content=\"article\" \/>\n<meta property=\"og:title\" content=\"Klimatpusslet - D-mat - Med Klimatpusslet planerar du en h\u00e5llbar livsstil.\" \/>\n<meta property=\"og:description\" content=\"Klimatpusslet | Spelet illustrerar storleken p\u00e5 den f\u00f6r\u00e4ndring som kr\u00e4vs och den verkliga betydelsen av olika vardagliga handlingar.\" \/>\n<meta property=\"og:url\" content=\"https:\/\/d-mat.fi\/sv\/klimatpusslet\/\" \/>\n<meta property=\"og:site_name\" content=\"D-mat\" \/>\n<meta property=\"article:publisher\" content=\"https:\/\/www.facebook.com\/dmat.fi\/\" \/>\n<meta property=\"article:modified_time\" content=\"2026-04-01T10:59:23+00:00\" \/>\n<meta property=\"og:image\" content=\"https:\/\/d-mat.fi\/wp-content\/uploads\/2021\/05\/1o5asteenpalapeli_16102020-14-copy.jpg\" \/>\n<meta name=\"twitter:card\" content=\"summary_large_image\" \/>\n<meta name=\"twitter:label1\" content=\"Ber\u00e4knad l\u00e4stid\" \/>\n\t<meta name=\"twitter:data1\" content=\"5 minuter\" \/>\n<script type=\"application\/ld+json\" class=\"yoast-schema-graph\">{\"@context\":\"https:\/\/schema.org\",\"@graph\":[{\"@type\":\"WebPage\",\"@id\":\"https:\/\/d-mat.fi\/sv\/klimatpusslet\/\",\"url\":\"https:\/\/d-mat.fi\/sv\/klimatpusslet\/\",\"name\":\"Klimatpusslet - D-mat - Med Klimatpusslet planerar du en h\u00e5llbar livsstil.\",\"isPartOf\":{\"@id\":\"https:\/\/d-mat.fi\/#website\"},\"datePublished\":\"2021-10-07T08:45:32+00:00\",\"dateModified\":\"2026-04-01T10:59:23+00:00\",\"description\":\"Klimatpusslet | Spelet illustrerar storleken p\u00e5 den f\u00f6r\u00e4ndring som kr\u00e4vs och den verkliga betydelsen av olika vardagliga handlingar.\",\"breadcrumb\":{\"@id\":\"https:\/\/d-mat.fi\/sv\/klimatpusslet\/#breadcrumb\"},\"inLanguage\":\"sv-SE\",\"potentialAction\":[{\"@type\":\"ReadAction\",\"target\":[\"https:\/\/d-mat.fi\/sv\/klimatpusslet\/\"]}]},{\"@type\":\"BreadcrumbList\",\"@id\":\"https:\/\/d-mat.fi\/sv\/klimatpusslet\/#breadcrumb\",\"itemListElement\":[{\"@type\":\"ListItem\",\"position\":1,\"name\":\"Etusivu\",\"item\":\"https:\/\/d-mat.fi\/\"},{\"@type\":\"ListItem\",\"position\":2,\"name\":\"Klimatpusslet\"}]},{\"@type\":\"WebSite\",\"@id\":\"https:\/\/d-mat.fi\/#website\",\"url\":\"https:\/\/d-mat.fi\/\",\"name\":\"D-mat\",\"description\":\"We drive the shift towards one-planet lifestyles\",\"publisher\":{\"@id\":\"https:\/\/d-mat.fi\/#organization\"},\"potentialAction\":[{\"@type\":\"SearchAction\",\"target\":{\"@type\":\"EntryPoint\",\"urlTemplate\":\"https:\/\/d-mat.fi\/?s={search_term_string}\"},\"query-input\":\"required name=search_term_string\"}],\"inLanguage\":\"sv-SE\"},{\"@type\":\"Organization\",\"@id\":\"https:\/\/d-mat.fi\/#organization\",\"name\":\"D-mat Oy\",\"url\":\"https:\/\/d-mat.fi\/\",\"logo\":{\"@type\":\"ImageObject\",\"inLanguage\":\"sv-SE\",\"@id\":\"https:\/\/d-mat.fi\/#\/schema\/logo\/image\/\",\"url\":\"https:\/\/d-mat.fi\/wp-content\/uploads\/2023\/03\/tunnus_tummavihr.svg\",\"contentUrl\":\"https:\/\/d-mat.fi\/wp-content\/uploads\/2023\/03\/tunnus_tummavihr.svg\",\"width\":144,\"height\":89,\"caption\":\"D-mat Oy\"},\"image\":{\"@id\":\"https:\/\/d-mat.fi\/#\/schema\/logo\/image\/\"},\"sameAs\":[\"https:\/\/www.facebook.com\/dmat.fi\/\",\"https:\/\/www.linkedin.com\/company\/d-mat\",\"https:\/\/www.instagram.com\/dmat_oy\/\"]}]}<\/script>\n<!-- \/ Yoast SEO plugin. -->","yoast_head_json":{"title":"Klimatpusslet - D-mat - Med Klimatpusslet planerar du en h\u00e5llbar livsstil.","description":"Klimatpusslet | Spelet illustrerar storleken p\u00e5 den f\u00f6r\u00e4ndring som kr\u00e4vs och den verkliga betydelsen av olika vardagliga handlingar.","robots":{"index":"index","follow":"follow","max-snippet":"max-snippet:-1","max-image-preview":"max-image-preview:large","max-video-preview":"max-video-preview:-1"},"canonical":"https:\/\/d-mat.fi\/sv\/klimatpusslet\/","og_locale":"sv_SE","og_type":"article","og_title":"Klimatpusslet - D-mat - Med Klimatpusslet planerar du en h\u00e5llbar livsstil.","og_description":"Klimatpusslet | Spelet illustrerar storleken p\u00e5 den f\u00f6r\u00e4ndring som kr\u00e4vs och den verkliga betydelsen av olika vardagliga handlingar.","og_url":"https:\/\/d-mat.fi\/sv\/klimatpusslet\/","og_site_name":"D-mat","article_publisher":"https:\/\/www.facebook.com\/dmat.fi\/","article_modified_time":"2026-04-01T10:59:23+00:00","og_image":[{"url":"https:\/\/d-mat.fi\/wp-content\/uploads\/2021\/05\/1o5asteenpalapeli_16102020-14-copy.jpg"}],"twitter_card":"summary_large_image","twitter_misc":{"Ber\u00e4knad l\u00e4stid":"5 minuter"},"schema":{"@context":"https:\/\/schema.org","@graph":[{"@type":"WebPage","@id":"https:\/\/d-mat.fi\/sv\/klimatpusslet\/","url":"https:\/\/d-mat.fi\/sv\/klimatpusslet\/","name":"Klimatpusslet - D-mat - Med Klimatpusslet planerar du en h\u00e5llbar livsstil.","isPartOf":{"@id":"https:\/\/d-mat.fi\/#website"},"datePublished":"2021-10-07T08:45:32+00:00","dateModified":"2026-04-01T10:59:23+00:00","description":"Klimatpusslet | Spelet illustrerar storleken p\u00e5 den f\u00f6r\u00e4ndring som kr\u00e4vs och den verkliga betydelsen av olika vardagliga handlingar.","breadcrumb":{"@id":"https:\/\/d-mat.fi\/sv\/klimatpusslet\/#breadcrumb"},"inLanguage":"sv-SE","potentialAction":[{"@type":"ReadAction","target":["https:\/\/d-mat.fi\/sv\/klimatpusslet\/"]}]},{"@type":"BreadcrumbList","@id":"https:\/\/d-mat.fi\/sv\/klimatpusslet\/#breadcrumb","itemListElement":[{"@type":"ListItem","position":1,"name":"Etusivu","item":"https:\/\/d-mat.fi\/"},{"@type":"ListItem","position":2,"name":"Klimatpusslet"}]},{"@type":"WebSite","@id":"https:\/\/d-mat.fi\/#website","url":"https:\/\/d-mat.fi\/","name":"D-mat","description":"We drive the shift towards one-planet lifestyles","publisher":{"@id":"https:\/\/d-mat.fi\/#organization"},"potentialAction":[{"@type":"SearchAction","target":{"@type":"EntryPoint","urlTemplate":"https:\/\/d-mat.fi\/?s={search_term_string}"},"query-input":"required name=search_term_string"}],"inLanguage":"sv-SE"},{"@type":"Organization","@id":"https:\/\/d-mat.fi\/#organization","name":"D-mat Oy","url":"https:\/\/d-mat.fi\/","logo":{"@type":"ImageObject","inLanguage":"sv-SE","@id":"https:\/\/d-mat.fi\/#\/schema\/logo\/image\/","url":"https:\/\/d-mat.fi\/wp-content\/uploads\/2023\/03\/tunnus_tummavihr.svg","contentUrl":"https:\/\/d-mat.fi\/wp-content\/uploads\/2023\/03\/tunnus_tummavihr.svg","width":144,"height":89,"caption":"D-mat Oy"},"image":{"@id":"https:\/\/d-mat.fi\/#\/schema\/logo\/image\/"},"sameAs":["https:\/\/www.facebook.com\/dmat.fi\/","https:\/\/www.linkedin.com\/company\/d-mat","https:\/\/www.instagram.com\/dmat_oy\/"]}]}},"_links":{"self":[{"href":"https:\/\/d-mat.fi\/sv\/wp-json\/wp\/v2\/pages\/1691"}],"collection":[{"href":"https:\/\/d-mat.fi\/sv\/wp-json\/wp\/v2\/pages"}],"about":[{"href":"https:\/\/d-mat.fi\/sv\/wp-json\/wp\/v2\/types\/page"}],"author":[{"embeddable":true,"href":"https:\/\/d-mat.fi\/sv\/wp-json\/wp\/v2\/users\/1"}],"replies":[{"embeddable":true,"href":"https:\/\/d-mat.fi\/sv\/wp-json\/wp\/v2\/comments?post=1691"}],"version-history":[{"count":64,"href":"https:\/\/d-mat.fi\/sv\/wp-json\/wp\/v2\/pages\/1691\/revisions"}],"predecessor-version":[{"id":4609,"href":"https:\/\/d-mat.fi\/sv\/wp-json\/wp\/v2\/pages\/1691\/revisions\/4609"}],"wp:featuredmedia":[{"embeddable":true,"href":"https:\/\/d-mat.fi\/sv\/wp-json\/wp\/v2\/media\/2961"}],"wp:attachment":[{"href":"https:\/\/d-mat.fi\/sv\/wp-json\/wp\/v2\/media?parent=1691"}],"curies":[{"name":"wp","href":"https:\/\/api.w.org\/{rel}","templated":true}]}}