{"id":3213,"date":"2022-09-08T13:43:50","date_gmt":"2022-09-08T10:43:50","guid":{"rendered":"https:\/\/d-mat.fi\/what-we-do\/sustainable-lifestyle-accelerators\/"},"modified":"2024-02-26T15:49:21","modified_gmt":"2024-02-26T12:49:21","slug":"sustainable-lifestyle-accelerators","status":"publish","type":"page","link":"https:\/\/d-mat.fi\/en\/what-we-do\/sustainable-lifestyle-accelerators\/","title":{"rendered":"Sustainable Lifestyle Accelerators"},"content":{"rendered":"\n<h2>\n\t\tSustainable Lifestyles Accelerator\n\t<\/h2>\n\t<p>The Sustainable Lifestyle Accelerators for municipalities give households the chance to reduce their carbon footprint in a concrete way during a four-week trial period, with the help of the municipality or city and businesses.<\/p>\n<p>Dozens of accelerators have already been organised in Finland, with hundreds of households participating and planning to reduce their carbon footprint by half on average.\u00a0Participants have found that reducing their carbon footprint improves their quality of life and, in addition to supporting this, municipalities have gained insight into what changes residents need to make low-carbon lifestyles easier.<\/p>\n\t\t\t\t<img decoding=\"async\" loading=\"lazy\" src=\"https:\/\/d-mat.fi\/wp-content\/uploads\/2022\/08\/D-mat_kuvittavat_ikonit_080822_kasvi2_kotitalous.png\" alt=\"D-mat_kuvittavat_ikonit_080822_kasvi2_kotitalous\" itemprop=\"image\" height=\"1251\" width=\"1251\" title=\"D-mat_kuvittavat_ikonit_080822_kasvi2_kotitalous\" onerror=\"this.style.display='none'\"  \/>\n<h2>\n\t\tThe accelerator includes\n\t<\/h2>\n\t<ul>\n<li>3 footprint calculations: household baseline, roadmap plan to 2030 and emissions reductions during the pilot period<\/li>\n<li>2 workshops (2.5h and 2h): a roadmap workshop to plan for the pilot period and 2030 using the Climate Puzzle, and a future workshop to discuss experiences and how to continue<\/li>\n<li>1 pilot phase: during the four-week pilot phase, participants will try out actions in their daily lives<\/li>\n<li>4 information packs: during the pilot period, participants will receive a weekly newsletter on the accelerator themes by email<\/li>\n<li>1 final report: the municipality will receive a report on the accelerator, including the emission reductions achieved and the participants&#8217; wishes<\/li>\n<\/ul>\n<p>&nbsp;<\/p>\n<ul>\n<li>For who: Municipalities and cities<\/li>\n<li>Number of participants: 1-25 households<\/li>\n<li>Duration: approximately 2-3 months<\/li>\n<li>Accelerator workshops can also be organised remotely.<\/li>\n<\/ul>\n<h2>\n\t\tAccelerators in Pyh\u00e4j\u00e4rvi and Tyrn\u00e4v\u00e4\n\t<\/h2>\n\t<p>In spring 2022, we organised two sustainable lifestyles accelerators with the city of Pyh\u00e4j\u00e4rvi and the municipality of Tyrn\u00e4v\u00e4. The accelerators were part of the six-year EU LIFE project &#8220;Towards Carbon Neutral Municipalities and Regions (CANEMURE)&#8221;. Participants gave feedback on, for example, the ease of implementing various actions during the pilot phase. The participants also said to have increased the amount of exercise through additional walking and cycling when reducing their driving kilometres, in addition to gaining\u00a0 financial savings when saving energy. The city and municipality, for their part, received a number of concrete suggestions on how to facilitate the low-carbon transition of households.<\/p>\n\t\t\t<a href=\"https:\/\/d-mat.fi\/en\/what-we-do\/climatepuzzle\/#otayhteytta\" target=\"_blank\" rel=\"noopener\">\n\t\t\t\t\t\t\tSend a quotation request or inquiry here\n\t\t\t\t\t<\/a>\n\n","protected":false},"excerpt":{"rendered":"<p>Sustainable Lifestyles Accelerator The Sustainable Lifestyle Accelerators for municipalities give households the chance to reduce their carbon footprint in a concrete way during a four-week trial period, with the help of the municipality or city and businesses. Dozens of accelerators have already been organised in Finland, with hundreds of households participating and planning to reduce&hellip;<\/p>\n","protected":false},"author":2,"featured_media":3119,"parent":270,"menu_order":0,"comment_status":"closed","ping_status":"closed","template":"","meta":{"footnotes":""},"acf":[],"yoast_head":"<!-- This site is optimized with the Yoast SEO plugin v20.13 - https:\/\/yoast.com\/wordpress\/plugins\/seo\/ -->\n<title>Sustainable Lifestyle Accelerators - D-mat<\/title>\n<meta name=\"robots\" content=\"index, follow, max-snippet:-1, max-image-preview:large, max-video-preview:-1\" \/>\n<link rel=\"canonical\" href=\"https:\/\/d-mat.fi\/en\/what-we-do\/sustainable-lifestyle-accelerators\/\" \/>\n<meta property=\"og:locale\" content=\"en_US\" \/>\n<meta property=\"og:type\" content=\"article\" \/>\n<meta property=\"og:title\" content=\"Sustainable Lifestyle Accelerators - D-mat\" \/>\n<meta property=\"og:description\" content=\"Sustainable Lifestyles Accelerator The Sustainable Lifestyle Accelerators for municipalities give households the chance to reduce their carbon footprint in a concrete way during a four-week trial period, with the help of the municipality or city and businesses. Dozens of accelerators have already been organised in Finland, with hundreds of households participating and planning to reduce&hellip;\" \/>\n<meta property=\"og:url\" content=\"https:\/\/d-mat.fi\/en\/what-we-do\/sustainable-lifestyle-accelerators\/\" \/>\n<meta property=\"og:site_name\" content=\"D-mat\" \/>\n<meta property=\"article:publisher\" content=\"https:\/\/www.facebook.com\/dmat.fi\/\" \/>\n<meta property=\"article:modified_time\" content=\"2024-02-26T12:49:21+00:00\" \/>\n<meta property=\"og:image\" content=\"https:\/\/d-mat.fi\/wp-content\/uploads\/2022\/08\/D-mat_kuvittavat_ikonit_080822_kasvi2_kotitalous.png\" \/>\n\t<meta property=\"og:image:width\" content=\"1251\" \/>\n\t<meta property=\"og:image:height\" content=\"1251\" \/>\n\t<meta property=\"og:image:type\" content=\"image\/png\" \/>\n<meta name=\"twitter:card\" content=\"summary_large_image\" \/>\n<meta name=\"twitter:label1\" content=\"Est. reading time\" \/>\n\t<meta name=\"twitter:data1\" content=\"2 minutes\" \/>\n<script type=\"application\/ld+json\" class=\"yoast-schema-graph\">{\"@context\":\"https:\/\/schema.org\",\"@graph\":[{\"@type\":\"WebPage\",\"@id\":\"https:\/\/d-mat.fi\/en\/what-we-do\/sustainable-lifestyle-accelerators\/\",\"url\":\"https:\/\/d-mat.fi\/en\/what-we-do\/sustainable-lifestyle-accelerators\/\",\"name\":\"Sustainable Lifestyle Accelerators - D-mat\",\"isPartOf\":{\"@id\":\"https:\/\/d-mat.fi\/#website\"},\"datePublished\":\"2022-09-08T10:43:50+00:00\",\"dateModified\":\"2024-02-26T12:49:21+00:00\",\"breadcrumb\":{\"@id\":\"https:\/\/d-mat.fi\/en\/what-we-do\/sustainable-lifestyle-accelerators\/#breadcrumb\"},\"inLanguage\":\"en-US\",\"potentialAction\":[{\"@type\":\"ReadAction\",\"target\":[\"https:\/\/d-mat.fi\/en\/what-we-do\/sustainable-lifestyle-accelerators\/\"]}]},{\"@type\":\"BreadcrumbList\",\"@id\":\"https:\/\/d-mat.fi\/en\/what-we-do\/sustainable-lifestyle-accelerators\/#breadcrumb\",\"itemListElement\":[{\"@type\":\"ListItem\",\"position\":1,\"name\":\"Etusivu\",\"item\":\"https:\/\/d-mat.fi\/en\/\"},{\"@type\":\"ListItem\",\"position\":2,\"name\":\"What we do\",\"item\":\"https:\/\/d-mat.fi\/en\/what-we-do\/\"},{\"@type\":\"ListItem\",\"position\":3,\"name\":\"Sustainable Lifestyle Accelerators\"}]},{\"@type\":\"WebSite\",\"@id\":\"https:\/\/d-mat.fi\/#website\",\"url\":\"https:\/\/d-mat.fi\/\",\"name\":\"D-mat\",\"description\":\"We drive the shift towards one-planet lifestyles\",\"publisher\":{\"@id\":\"https:\/\/d-mat.fi\/#organization\"},\"potentialAction\":[{\"@type\":\"SearchAction\",\"target\":{\"@type\":\"EntryPoint\",\"urlTemplate\":\"https:\/\/d-mat.fi\/?s={search_term_string}\"},\"query-input\":\"required name=search_term_string\"}],\"inLanguage\":\"en-US\"},{\"@type\":\"Organization\",\"@id\":\"https:\/\/d-mat.fi\/#organization\",\"name\":\"D-mat Oy\",\"url\":\"https:\/\/d-mat.fi\/\",\"logo\":{\"@type\":\"ImageObject\",\"inLanguage\":\"en-US\",\"@id\":\"https:\/\/d-mat.fi\/#\/schema\/logo\/image\/\",\"url\":\"https:\/\/d-mat.fi\/wp-content\/uploads\/2023\/03\/tunnus_tummavihr.svg\",\"contentUrl\":\"https:\/\/d-mat.fi\/wp-content\/uploads\/2023\/03\/tunnus_tummavihr.svg\",\"width\":144,\"height\":89,\"caption\":\"D-mat Oy\"},\"image\":{\"@id\":\"https:\/\/d-mat.fi\/#\/schema\/logo\/image\/\"},\"sameAs\":[\"https:\/\/www.facebook.com\/dmat.fi\/\",\"https:\/\/www.linkedin.com\/company\/d-mat\",\"https:\/\/www.instagram.com\/dmat_oy\/\"]}]}<\/script>\n<!-- \/ Yoast SEO plugin. -->","yoast_head_json":{"title":"Sustainable Lifestyle Accelerators - D-mat","robots":{"index":"index","follow":"follow","max-snippet":"max-snippet:-1","max-image-preview":"max-image-preview:large","max-video-preview":"max-video-preview:-1"},"canonical":"https:\/\/d-mat.fi\/en\/what-we-do\/sustainable-lifestyle-accelerators\/","og_locale":"en_US","og_type":"article","og_title":"Sustainable Lifestyle Accelerators - D-mat","og_description":"Sustainable Lifestyles Accelerator The Sustainable Lifestyle Accelerators for municipalities give households the chance to reduce their carbon footprint in a concrete way during a four-week trial period, with the help of the municipality or city and businesses. Dozens of accelerators have already been organised in Finland, with hundreds of households participating and planning to reduce&hellip;","og_url":"https:\/\/d-mat.fi\/en\/what-we-do\/sustainable-lifestyle-accelerators\/","og_site_name":"D-mat","article_publisher":"https:\/\/www.facebook.com\/dmat.fi\/","article_modified_time":"2024-02-26T12:49:21+00:00","og_image":[{"width":1251,"height":1251,"url":"https:\/\/d-mat.fi\/wp-content\/uploads\/2022\/08\/D-mat_kuvittavat_ikonit_080822_kasvi2_kotitalous.png","type":"image\/png"}],"twitter_card":"summary_large_image","twitter_misc":{"Est. reading time":"2 minutes"},"schema":{"@context":"https:\/\/schema.org","@graph":[{"@type":"WebPage","@id":"https:\/\/d-mat.fi\/en\/what-we-do\/sustainable-lifestyle-accelerators\/","url":"https:\/\/d-mat.fi\/en\/what-we-do\/sustainable-lifestyle-accelerators\/","name":"Sustainable Lifestyle Accelerators - D-mat","isPartOf":{"@id":"https:\/\/d-mat.fi\/#website"},"datePublished":"2022-09-08T10:43:50+00:00","dateModified":"2024-02-26T12:49:21+00:00","breadcrumb":{"@id":"https:\/\/d-mat.fi\/en\/what-we-do\/sustainable-lifestyle-accelerators\/#breadcrumb"},"inLanguage":"en-US","potentialAction":[{"@type":"ReadAction","target":["https:\/\/d-mat.fi\/en\/what-we-do\/sustainable-lifestyle-accelerators\/"]}]},{"@type":"BreadcrumbList","@id":"https:\/\/d-mat.fi\/en\/what-we-do\/sustainable-lifestyle-accelerators\/#breadcrumb","itemListElement":[{"@type":"ListItem","position":1,"name":"Etusivu","item":"https:\/\/d-mat.fi\/en\/"},{"@type":"ListItem","position":2,"name":"What we do","item":"https:\/\/d-mat.fi\/en\/what-we-do\/"},{"@type":"ListItem","position":3,"name":"Sustainable Lifestyle Accelerators"}]},{"@type":"WebSite","@id":"https:\/\/d-mat.fi\/#website","url":"https:\/\/d-mat.fi\/","name":"D-mat","description":"We drive the shift towards one-planet lifestyles","publisher":{"@id":"https:\/\/d-mat.fi\/#organization"},"potentialAction":[{"@type":"SearchAction","target":{"@type":"EntryPoint","urlTemplate":"https:\/\/d-mat.fi\/?s={search_term_string}"},"query-input":"required name=search_term_string"}],"inLanguage":"en-US"},{"@type":"Organization","@id":"https:\/\/d-mat.fi\/#organization","name":"D-mat Oy","url":"https:\/\/d-mat.fi\/","logo":{"@type":"ImageObject","inLanguage":"en-US","@id":"https:\/\/d-mat.fi\/#\/schema\/logo\/image\/","url":"https:\/\/d-mat.fi\/wp-content\/uploads\/2023\/03\/tunnus_tummavihr.svg","contentUrl":"https:\/\/d-mat.fi\/wp-content\/uploads\/2023\/03\/tunnus_tummavihr.svg","width":144,"height":89,"caption":"D-mat Oy"},"image":{"@id":"https:\/\/d-mat.fi\/#\/schema\/logo\/image\/"},"sameAs":["https:\/\/www.facebook.com\/dmat.fi\/","https:\/\/www.linkedin.com\/company\/d-mat","https:\/\/www.instagram.com\/dmat_oy\/"]}]}},"_links":{"self":[{"href":"https:\/\/d-mat.fi\/en\/wp-json\/wp\/v2\/pages\/3213"}],"collection":[{"href":"https:\/\/d-mat.fi\/en\/wp-json\/wp\/v2\/pages"}],"about":[{"href":"https:\/\/d-mat.fi\/en\/wp-json\/wp\/v2\/types\/page"}],"author":[{"embeddable":true,"href":"https:\/\/d-mat.fi\/en\/wp-json\/wp\/v2\/users\/2"}],"replies":[{"embeddable":true,"href":"https:\/\/d-mat.fi\/en\/wp-json\/wp\/v2\/comments?post=3213"}],"version-history":[{"count":12,"href":"https:\/\/d-mat.fi\/en\/wp-json\/wp\/v2\/pages\/3213\/revisions"}],"predecessor-version":[{"id":4211,"href":"https:\/\/d-mat.fi\/en\/wp-json\/wp\/v2\/pages\/3213\/revisions\/4211"}],"up":[{"embeddable":true,"href":"https:\/\/d-mat.fi\/en\/wp-json\/wp\/v2\/pages\/270"}],"wp:featuredmedia":[{"embeddable":true,"href":"https:\/\/d-mat.fi\/en\/wp-json\/wp\/v2\/media\/3119"}],"wp:attachment":[{"href":"https:\/\/d-mat.fi\/en\/wp-json\/wp\/v2\/media?parent=3213"}],"curies":[{"name":"wp","href":"https:\/\/api.w.org\/{rel}","templated":true}]}}