{"id":3569,"date":"2023-06-21T15:18:31","date_gmt":"2023-06-21T12:18:31","guid":{"rendered":"https:\/\/d-mat.fi\/?page_id=3569"},"modified":"2026-03-31T11:36:20","modified_gmt":"2026-03-31T08:36:20","slug":"klimapuzzle","status":"publish","type":"page","link":"https:\/\/d-mat.fi\/de\/klimapuzzle\/","title":{"rendered":"Klimapuzzle"},"content":{"rendered":"\n<h2>\n\t\tKlimapuzzle\n\t<\/h2>\n\t<p>Planen Sie Ihr klimaneutrales Lebenmit dem Klimapuzzle &#8211; die deutsche Version des Klimapuzzles ist jetzt da! Das Puzzle veranschaulicht die Gr\u00f6\u00dfenordnung der pers\u00f6nlichen Lebensstilwende und die wahre Bedeutung verschiedener Alltagshandlungen. Das Klimapuzzle ist ein vielf\u00e4ltiges Plan- und Lernspiel f\u00fcr Einzelpersonen und Haushalte, aber auch f\u00fcr Schulen oder Gruppen am Arbeitsplatz oder in Entscheidungsgremien im \u00f6ffentlichen und privaten Sektor.<\/p>\n<p>Neben der Erarbeitung des pers\u00f6nlichen Wegs zum Klimaziel und dem Kennenlernen eines klimaneutralen Lebensstils regt das Klimapuzzle dazu an, dar\u00fcber nachzudenken, was sich in der Gesellschaft ver\u00e4ndern m\u00fcsste, damit nachhaltiges Leben leichter und schneller umsetzbar wird. So hilft das Klimapuzzle, im t\u00e4glichen Leben aktiv zu werden und zu erkennen, dass es bei Ver\u00e4nderungen nicht nur, aber auch um jede und jeden uns geht.<\/p>\n<p>Das Klimapuzzle auf Deutsch bietet die Lebensstiloptionen f\u00fcr deutsche Verh\u00e4ltnisse. Au\u00dferdem bieten wir Versionen auf Finnisch, Englisch und Schwedisch, deren Optionen auf Finnland oder \u00e4hnliche L\u00e4nder mit bereits relativ klimafreundlicher Energieerzeugung berechnet sind.<\/p>\n\t\t\t<a href=\"https:\/\/climatepuzzle.sumupstore.com\" target=\"_self\" rel=\"noopener\">\n\t\t\t\t\t\t\tBestellen Sie das Klimapuzzle\n\t\t\t\t\t<\/a>\n\t\t\t\t<img decoding=\"async\" loading=\"lazy\" src=\"https:\/\/d-mat.fi\/wp-content\/uploads\/2022\/08\/D-mat_kuvittavat_ikonit_080822_kasvi2_palapeli.png\" alt=\"D-mat_kuvittavat_ikonit_080822_kasvi2_palapeli\" itemprop=\"image\" height=\"1251\" width=\"1251\" title=\"D-mat_kuvittavat_ikonit_080822_kasvi2_palapeli\" onerror=\"this.style.display='none'\"  \/>\n\t\t\t\t<img decoding=\"async\" loading=\"lazy\" src=\"https:\/\/d-mat.fi\/wp-content\/uploads\/2023\/06\/D-mat_kuvittavat_ikonit_080822_kasvi2_palapeli-suunnitelma.png\" alt=\"D-mat_kuvittavat_ikonit_080822_kasvi2_palapeli - suunnitelma\" itemprop=\"image\" height=\"1251\" width=\"1251\" title=\"D-mat_kuvittavat_ikonit_080822_kasvi2_palapeli - suunnitelma\" onerror=\"this.style.display='none'\"  \/>\n<h2>\n\t\tF\u00fcr wen ist das Klimapuzzle geeignet?\n\t<\/h2>\n\t<p>Das Klimapuzzle ist f\u00fcr alle geeignet, die sich f\u00fcr einen nachhaltigen Lebensstil interessieren. Das Puzzle hilft, einen klimaneutralen Lebensstil zu planen, Gespr\u00e4che anzuregen und allgemein Klimathemen zu vermitteln. Besonders in der Gruppe ist das Klimapuzzle ideal zum Ansto\u00dfen von Diskussionen.<\/p>\n<p>Das vielseitige Plan- und Lernspiel ist f\u00fcr Jugendliche und Erwachsene geeignet. Das Spiel kann allein, in Gruppen, im eigenen Haushalt oder im Kollegenkreis gespielt werden. Auch die J\u00fcngsten in der Familie k\u00f6nnen sich an der Planung beteiligen, zum Beispiel gemeinsam mit ihren Eltern.<\/p>\n<p>Sie k\u00f6nnen mit der dem Spiel beiliegenden Anleitung loslegen. Dar\u00fcber hinaus bieten wir Moderationstrainings an, bspw. f\u00fcr den Einsatz des Klimapuzzles in Schulen. Wir organisieren auch Workshops und Accelerators, in denen das Spiel eine zentrale Rolle spielt.<\/p>\n<h2>\n\t\tDas Paket enth\u00e4lt\n\t<\/h2>\n\t<ul>\n<li>\n<ul>\n<li>1 doppelseitiges Spielbrett<\/li>\n<li>1 Markierung &#8222;Mein CO<sub>2<\/sub>-Fu\u00dfabdruck<\/li>\n<li>137 K\u00e4rtchen mit Optionen f\u00fcr \u00c4nderungen im Lebensstil<\/li>\n<li>26 leere K\u00e4rtchen zur Erg\u00e4nzung bestehender<\/li>\n<li>1 K\u00e4rtchen &#8222;Ziel 2050&#8220;<\/li>\n<li>3 Aktionskarten<\/li>\n<li>5 Wunschkarten<\/li>\n<li>Spielanleitung<\/li>\n<\/ul>\n<\/li>\n<\/ul>\n<p>&nbsp;<\/p>\n<p><strong>Preis f\u00fcr das Klimapuzzle (inkl. MWSt.):<\/strong> 159 \u20ac\/St\u00fcck plus Versandkosten (30 \u20ac beim Versand von einem Puzzle)<\/p>\n<p>Wenn Sie eine gr\u00f6\u00dfere Menge an Puzzles bestellen m\u00f6chten, fragen Sie nach unserem Angebot!<\/p>\n<p><strong>Zahlungsm\u00f6glichkeiten:<\/strong> Rechnung. Wenn Sie die Gr\u00f6\u00dfe der Bestellung auf dem Bestellformular angeben, erhalten Sie eine Rechnung und Zahlungsanweisungen als R\u00fcckmeldung.<\/p>\n<p><strong>Lieferung:<\/strong> Paketzustellung.<\/p>\n<p>&nbsp;<\/p>\n<p>&nbsp;<\/p>\n\t\t\t\t<img decoding=\"async\" loading=\"lazy\" src=\"https:\/\/d-mat.fi\/wp-content\/uploads\/2023\/06\/90acf545-4d49-41d3-be53-fa318db81557.jpg\" alt=\"90acf545-4d49-41d3-be53-fa318db81557\" itemprop=\"image\" height=\"1087\" width=\"2095\" title=\"90acf545-4d49-41d3-be53-fa318db81557\" onerror=\"this.style.display='none'\"  \/>\n<h2>\n\t\tSo funktioniert das Klimapuzzle\n\t<\/h2>\n\t<p><strong>1. Der CO<sub>2<\/sub>-Fu\u00dfabdruck<\/strong><\/p>\n<p>Das Spiel beginnt mit der Markierung des pers\u00f6nlichen CO<sub>2<\/sub>-Fu\u00dfabdrucks auf dem Spielbrett.<\/p>\n\t<p><strong>2. Die klimafreundlichen Lebensstiloptionen<\/strong><\/p>\n<p>Als n\u00e4chstes w\u00e4hlt man nachhaltige Aktionen aus. Die Gr\u00f6\u00dfe der Karten gibt an, wie gro\u00df jeweils der Einflu\u00df auf den CO<sub>2<\/sub>-Fu\u00dfabdruck ist.<\/p>\n\t<p><strong>3. Der Plan f\u00fcr einen nachhaltigen Lebensstil<\/strong><\/p>\n<p>Auf Grundlage der ausgew\u00e4hlten Ma\u00dfnahmen wird der Plan f\u00fcr einen nachhaltigen Lebensstil bis 2030 erstellt.<\/p>\n\t<p><strong>4. Meine Ma\u00dfnahmen<\/strong><\/p>\n<p>Hier geht es um Aktionen, die sofort erprobt werden k\u00f6nnen. Was ist notwendig, um Experimente durchzuf\u00fchren oder die Aktionen umzusetzen?<\/p>\n\t<p><strong>5. W\u00fcnsche<\/strong><\/p>\n<p>Nachdem die eigenen Perspektiven und Ziele identifiziert wurden, werden die Fragen auf den Wunschkarten genutzt, um zu \u00fcberlegen, mit welcher und wessen Hilfe es einfacher und schneller w\u00fcrde, klimafreundliche Ma\u00dfnahmen zu ergreifen.<\/p>\n\t<p><strong>6. Experimentieren<\/strong><\/p>\n<p>Dann fangen Sie an, Ihren Kohlenstoff-Fu\u00dfabdruck tats\u00e4chlich zu verringern! Sie k\u00f6nnen nun damit beginnen, die ausgew\u00e4hlten Ma\u00dfnahmen innerhalb einer Woche, eines Monats oder auch eines Jahres umzusetzen &#8211; Schritt f\u00fcr Schritt bis 2030.<\/p>\n\t<h2><strong>Kontaktieren Sie uns!<\/strong><\/h2>\n\t<p>Geben Sie eine Bestellung auf oder fordern Sie weitere Informationen mit dem unten verlinkten Formular an.<\/p>\n<p>Bitte beachten Sie, dass das Spiel derzeit auf Deutsch, Finnisch, Schwedisch und Englisch erh\u00e4ltlich ist, mit l\u00e4nderspezifischen Aktionen f\u00fcr Deutschland bzw. Finnland. Wenn Sie an anderen L\u00e4nderversionen interessiert sind, kontaktieren Sie uns gerne, um die neuesten Informationen \u00fcber Ihr Land zu erhalten. Wir sind auch an neuen Kooperationen interessiert.<\/p>\n<p>Wenn Sie an unseren Workshops oder Accelerators interessiert sind, kontaktieren Sie uns bitte und teilen Sie uns im Nachrichtenfeld Ihre W\u00fcnsche mit. Wir erstellen Ihnen ein Angebot, das sich u.a. nach der Anzahl der Teilnehmer und der Zielgruppe richtet.<\/p>\n<p>Wir melden uns dann umgehend per E-Mail bei Ihnen zur\u00fcck!<\/p>\n\t<div role=\"form\" class=\"wpcf7\" id=\"wpcf7-f4098-o1\" lang=\"de-DE\" dir=\"ltr\">\n<div class=\"screen-reader-response\"><p role=\"status\" aria-live=\"polite\" aria-atomic=\"true\"><\/p> <ul><\/ul><\/div>\n<form action=\"\/de\/wp-json\/wp\/v2\/pages\/3569#wpcf7-f4098-o1\" method=\"post\" class=\"wpcf7-form init mailchimp-ext-0.5.69\" novalidate=\"novalidate\" data-status=\"init\">\n<div style=\"display: none;\">\n<input type=\"hidden\" name=\"_wpcf7\" value=\"4098\" \/>\n<input type=\"hidden\" name=\"_wpcf7_version\" value=\"5.6.2\" \/>\n<input type=\"hidden\" name=\"_wpcf7_locale\" value=\"de_DE\" \/>\n<input type=\"hidden\" name=\"_wpcf7_unit_tag\" value=\"wpcf7-f4098-o1\" \/>\n<input type=\"hidden\" name=\"_wpcf7_container_post\" value=\"0\" \/>\n<input type=\"hidden\" name=\"_wpcf7_posted_data_hash\" value=\"\" \/>\n<input type=\"hidden\" name=\"_wpcf7_recaptcha_response\" value=\"\" \/>\n<\/div>\n<p><label> Name*<br \/>\n    <span class=\"wpcf7-form-control-wrap\" data-name=\"your-name\"><input type=\"text\" name=\"your-name\" value=\"\" size=\"40\" class=\"wpcf7-form-control wpcf7-text wpcf7-validates-as-required\" aria-required=\"true\" aria-invalid=\"false\" \/><\/span> <\/label><\/p>\n<p><label> Telefon*<br \/>\n    <span class=\"wpcf7-form-control-wrap\" data-name=\"puhelin\"><input type=\"tel\" name=\"puhelin\" value=\"\" size=\"40\" class=\"wpcf7-form-control wpcf7-text wpcf7-tel wpcf7-validates-as-required wpcf7-validates-as-tel\" aria-required=\"true\" aria-invalid=\"false\" \/><\/span> <\/label><\/p>\n<p><label> E-Mail*<br \/>\n    <span class=\"wpcf7-form-control-wrap\" data-name=\"your-email\"><input type=\"email\" name=\"your-email\" value=\"\" size=\"40\" class=\"wpcf7-form-control wpcf7-text wpcf7-email wpcf7-validates-as-required wpcf7-validates-as-email\" aria-required=\"true\" aria-invalid=\"false\" \/><\/span> <\/label><\/p>\n<p><label> Organization<br \/>\n    <span class=\"wpcf7-form-control-wrap\" data-name=\"organisaatio\"><input type=\"text\" name=\"organisaatio\" value=\"\" size=\"40\" class=\"wpcf7-form-control wpcf7-text\" aria-invalid=\"false\" \/><\/span> <\/label><\/p>\n<p><label>Anfrage zu folgendem Produkt\/Dienstleistung*:<\/label><br \/>\n    <span class=\"wpcf7-form-control-wrap\" data-name=\"checkbox-310\"><span class=\"wpcf7-form-control wpcf7-checkbox wpcf7-validates-as-required\"><span class=\"wpcf7-list-item first\"><label><input type=\"checkbox\" name=\"checkbox-310[]\" value=\"Klimapuzzle\" \/><span class=\"wpcf7-list-item-label\">Klimapuzzle<\/span><\/label><\/span><span class=\"wpcf7-list-item\"><label><input type=\"checkbox\" name=\"checkbox-310[]\" value=\"Training f\u00fcr Multiplikatoren\" \/><span class=\"wpcf7-list-item-label\">Training f\u00fcr Multiplikatoren<\/span><\/label><\/span><span class=\"wpcf7-list-item\"><label><input type=\"checkbox\" name=\"checkbox-310[]\" value=\"Klimapuzzle-Workshop\" \/><span class=\"wpcf7-list-item-label\">Klimapuzzle-Workshop<\/span><\/label><\/span><span class=\"wpcf7-list-item last\"><label><input type=\"checkbox\" name=\"checkbox-310[]\" value=\"Sustainable Lifestyle Accelerator\" \/><span class=\"wpcf7-list-item-label\">Sustainable Lifestyle Accelerator<\/span><\/label><\/span><\/span><\/span> <\/p>\n<p><label> Zus\u00e4tzliche Informationen \u00fcber die Bestellung und die Rechnungsadresse: Wenn Sie eine Bestellung aufgeben, geben Sie bitte die Einzelheiten der Bestellung (z. B. die Bestellmenge und Ihre Rechnungsadresse) in dieses Nachrichtenfeld ein.<br \/>\n<span class=\"wpcf7-form-control-wrap\" data-name=\"textarea-627\"><textarea name=\"textarea-627\" cols=\"40\" rows=\"10\" class=\"wpcf7-form-control wpcf7-textarea\" aria-invalid=\"false\"><\/textarea><\/span> <\/label><\/p>\n<p><label> Bitte w\u00e4hlen Sie hier, wenn Sie uns eine Anfrage senden m\u00f6chten, anstatt eine Bestellung aufzugeben. In diesem Fall k\u00f6nnen Sie Ihre Anfrage in das obige Nachrichtenfeld 'Zus\u00e4tzliche Informationen zur Bestellung' eingeben.<\/label><br \/>\n<span class=\"wpcf7-form-control-wrap\" data-name=\"checkbox-315\"><span class=\"wpcf7-form-control wpcf7-checkbox\"><span class=\"wpcf7-list-item first last\"><label><input type=\"checkbox\" name=\"checkbox-315[]\" value=\"Ich w\u00fcrde gerne mehr erfahren\" \/><span class=\"wpcf7-list-item-label\">Ich w\u00fcrde gerne mehr erfahren<\/span><\/label><\/span><\/span><\/span><\/p>\n<p><label> Lieferadresse: Bitte geben Sie bei einer Bestellung die Lieferadresse nur dann in dieses Nachrichtenfeld ein, wenn sie von der oben angegebenen Rechnungsadresse abweicht.<br \/>\n<span class=\"wpcf7-form-control-wrap\" data-name=\"textarea-39\"><textarea name=\"textarea-39\" cols=\"40\" rows=\"10\" class=\"wpcf7-form-control wpcf7-textarea\" aria-invalid=\"false\"><\/textarea><\/span> <\/label><\/p>\n<p><label> Einwilligungen:<\/label><br \/>\n    <span class=\"wpcf7-form-control-wrap\" data-name=\"checkbox-311\"><span class=\"wpcf7-form-control wpcf7-checkbox\"><span class=\"wpcf7-list-item first last\"><label><input type=\"checkbox\" name=\"checkbox-311[]\" value=\"Abonnieren Sie den Climate Puzzle Newsletter (bisher auf Englisch)\" \/><span class=\"wpcf7-list-item-label\">Abonnieren Sie den Climate Puzzle Newsletter (bisher auf Englisch)<\/span><\/label><\/span><\/span><\/span><\/p>\n<p><span class=\"wpcf7-form-control-wrap\" data-name=\"checkbox-312\"><span class=\"wpcf7-form-control wpcf7-checkbox wpcf7-validates-as-required\"><span class=\"wpcf7-list-item first last\"><label><input type=\"checkbox\" name=\"checkbox-312[]\" value=\"Ich stimme der Verwendung meiner pers\u00f6nlichen Daten gem\u00e4\u00df der Datenschutzrichtlinie von D-mat oy zu.\" \/><span class=\"wpcf7-list-item-label\">Ich stimme der Verwendung meiner pers\u00f6nlichen Daten gem\u00e4\u00df der Datenschutzrichtlinie von D-mat oy zu.<\/span><\/label><\/span><\/span><\/span><\/p>\n<p><input type=\"submit\" value=\"Submit\" class=\"wpcf7-form-control has-spinner wpcf7-submit\" \/><\/p>\n<div class=\"wpcf7-response-output\" aria-hidden=\"true\"><\/div><p style=\"display: none !important\"><span class=\"wpcf7-form-control-wrap referer-page\"><input type=\"hidden\" name=\"referer-page\" value=\"http:\/\/Direct%20Visit\" data-value=\"http:\/\/Direct%20Visit\" class=\"wpcf7-form-control wpcf7-text referer-page\" aria-invalid=\"false\"><\/span><\/p>\n<!-- Chimpmatic extension by Renzo Johnson --><\/form><\/div>\n<p>&nbsp;<\/p>\n\n","protected":false},"excerpt":{"rendered":"<p>Klimapuzzle Planen Sie Ihr klimaneutrales Lebenmit dem Klimapuzzle &#8211; die deutsche Version des Klimapuzzles ist jetzt da! Das Puzzle veranschaulicht die Gr\u00f6\u00dfenordnung der pers\u00f6nlichen Lebensstilwende und die wahre Bedeutung verschiedener Alltagshandlungen. Das Klimapuzzle ist ein vielf\u00e4ltiges Plan- und Lernspiel f\u00fcr Einzelpersonen und Haushalte, aber auch f\u00fcr Schulen oder Gruppen am Arbeitsplatz oder in Entscheidungsgremien im&hellip;<\/p>\n","protected":false},"author":2,"featured_media":4104,"parent":0,"menu_order":0,"comment_status":"closed","ping_status":"closed","template":"","meta":{"footnotes":""},"acf":[],"yoast_head":"<!-- This site is optimized with the Yoast SEO plugin v20.13 - https:\/\/yoast.com\/wordpress\/plugins\/seo\/ -->\n<title>Klimapuzzle - D-mat - Planen Sie Ihr klimaneutrales Lebenmit dem Klimapuzzle<\/title>\n<meta name=\"description\" content=\"Klimapuzzle | Das Puzzle veranschaulicht die Gr\u00f6\u00dfenordnung der pers\u00f6nlichen Lebensstilwende und die wahre Bedeutung verschiedener Alltagshandlungen.\" \/>\n<meta name=\"robots\" content=\"index, follow, max-snippet:-1, max-image-preview:large, max-video-preview:-1\" \/>\n<link rel=\"canonical\" href=\"https:\/\/d-mat.fi\/de\/klimapuzzle\/\" \/>\n<meta property=\"og:locale\" content=\"de_DE\" \/>\n<meta property=\"og:type\" content=\"article\" \/>\n<meta property=\"og:title\" content=\"Klimapuzzle - D-mat - Planen Sie Ihr klimaneutrales Lebenmit dem Klimapuzzle\" \/>\n<meta property=\"og:description\" content=\"Klimapuzzle | Das Puzzle veranschaulicht die Gr\u00f6\u00dfenordnung der pers\u00f6nlichen Lebensstilwende und die wahre Bedeutung verschiedener Alltagshandlungen.\" \/>\n<meta property=\"og:url\" content=\"https:\/\/d-mat.fi\/de\/klimapuzzle\/\" \/>\n<meta property=\"og:site_name\" content=\"D-mat\" \/>\n<meta property=\"article:publisher\" content=\"https:\/\/www.facebook.com\/dmat.fi\/\" \/>\n<meta property=\"article:modified_time\" content=\"2026-03-31T08:36:20+00:00\" \/>\n<meta property=\"og:image\" content=\"https:\/\/d-mat.fi\/wp-content\/uploads\/2021\/05\/1o5asteenpalapeli_16102020-14-copy.jpg\" \/>\n<meta name=\"twitter:card\" content=\"summary_large_image\" \/>\n<meta name=\"twitter:label1\" content=\"Gesch\u00e4tzte Lesezeit\" \/>\n\t<meta name=\"twitter:data1\" content=\"5 Minuten\" \/>\n<script type=\"application\/ld+json\" class=\"yoast-schema-graph\">{\"@context\":\"https:\/\/schema.org\",\"@graph\":[{\"@type\":\"WebPage\",\"@id\":\"https:\/\/d-mat.fi\/de\/klimapuzzle\/\",\"url\":\"https:\/\/d-mat.fi\/de\/klimapuzzle\/\",\"name\":\"Klimapuzzle - D-mat - Planen Sie Ihr klimaneutrales Lebenmit dem Klimapuzzle\",\"isPartOf\":{\"@id\":\"https:\/\/d-mat.fi\/#website\"},\"datePublished\":\"2023-06-21T12:18:31+00:00\",\"dateModified\":\"2026-03-31T08:36:20+00:00\",\"description\":\"Klimapuzzle | Das Puzzle veranschaulicht die Gr\u00f6\u00dfenordnung der pers\u00f6nlichen Lebensstilwende und die wahre Bedeutung verschiedener Alltagshandlungen.\",\"breadcrumb\":{\"@id\":\"https:\/\/d-mat.fi\/de\/klimapuzzle\/#breadcrumb\"},\"inLanguage\":\"de\",\"potentialAction\":[{\"@type\":\"ReadAction\",\"target\":[\"https:\/\/d-mat.fi\/de\/klimapuzzle\/\"]}]},{\"@type\":\"BreadcrumbList\",\"@id\":\"https:\/\/d-mat.fi\/de\/klimapuzzle\/#breadcrumb\",\"itemListElement\":[{\"@type\":\"ListItem\",\"position\":1,\"name\":\"Etusivu\",\"item\":\"https:\/\/d-mat.fi\/\"},{\"@type\":\"ListItem\",\"position\":2,\"name\":\"Klimapuzzle\"}]},{\"@type\":\"WebSite\",\"@id\":\"https:\/\/d-mat.fi\/#website\",\"url\":\"https:\/\/d-mat.fi\/\",\"name\":\"D-mat\",\"description\":\"We drive the shift towards one-planet lifestyles\",\"publisher\":{\"@id\":\"https:\/\/d-mat.fi\/#organization\"},\"potentialAction\":[{\"@type\":\"SearchAction\",\"target\":{\"@type\":\"EntryPoint\",\"urlTemplate\":\"https:\/\/d-mat.fi\/?s={search_term_string}\"},\"query-input\":\"required name=search_term_string\"}],\"inLanguage\":\"de\"},{\"@type\":\"Organization\",\"@id\":\"https:\/\/d-mat.fi\/#organization\",\"name\":\"D-mat Oy\",\"url\":\"https:\/\/d-mat.fi\/\",\"logo\":{\"@type\":\"ImageObject\",\"inLanguage\":\"de\",\"@id\":\"https:\/\/d-mat.fi\/#\/schema\/logo\/image\/\",\"url\":\"https:\/\/d-mat.fi\/wp-content\/uploads\/2023\/03\/tunnus_tummavihr.svg\",\"contentUrl\":\"https:\/\/d-mat.fi\/wp-content\/uploads\/2023\/03\/tunnus_tummavihr.svg\",\"width\":144,\"height\":89,\"caption\":\"D-mat Oy\"},\"image\":{\"@id\":\"https:\/\/d-mat.fi\/#\/schema\/logo\/image\/\"},\"sameAs\":[\"https:\/\/www.facebook.com\/dmat.fi\/\",\"https:\/\/www.linkedin.com\/company\/d-mat\",\"https:\/\/www.instagram.com\/dmat_oy\/\"]}]}<\/script>\n<!-- \/ Yoast SEO plugin. -->","yoast_head_json":{"title":"Klimapuzzle - D-mat - Planen Sie Ihr klimaneutrales Lebenmit dem Klimapuzzle","description":"Klimapuzzle | Das Puzzle veranschaulicht die Gr\u00f6\u00dfenordnung der pers\u00f6nlichen Lebensstilwende und die wahre Bedeutung verschiedener Alltagshandlungen.","robots":{"index":"index","follow":"follow","max-snippet":"max-snippet:-1","max-image-preview":"max-image-preview:large","max-video-preview":"max-video-preview:-1"},"canonical":"https:\/\/d-mat.fi\/de\/klimapuzzle\/","og_locale":"de_DE","og_type":"article","og_title":"Klimapuzzle - D-mat - Planen Sie Ihr klimaneutrales Lebenmit dem Klimapuzzle","og_description":"Klimapuzzle | Das Puzzle veranschaulicht die Gr\u00f6\u00dfenordnung der pers\u00f6nlichen Lebensstilwende und die wahre Bedeutung verschiedener Alltagshandlungen.","og_url":"https:\/\/d-mat.fi\/de\/klimapuzzle\/","og_site_name":"D-mat","article_publisher":"https:\/\/www.facebook.com\/dmat.fi\/","article_modified_time":"2026-03-31T08:36:20+00:00","og_image":[{"url":"https:\/\/d-mat.fi\/wp-content\/uploads\/2021\/05\/1o5asteenpalapeli_16102020-14-copy.jpg"}],"twitter_card":"summary_large_image","twitter_misc":{"Gesch\u00e4tzte Lesezeit":"5 Minuten"},"schema":{"@context":"https:\/\/schema.org","@graph":[{"@type":"WebPage","@id":"https:\/\/d-mat.fi\/de\/klimapuzzle\/","url":"https:\/\/d-mat.fi\/de\/klimapuzzle\/","name":"Klimapuzzle - D-mat - Planen Sie Ihr klimaneutrales Lebenmit dem Klimapuzzle","isPartOf":{"@id":"https:\/\/d-mat.fi\/#website"},"datePublished":"2023-06-21T12:18:31+00:00","dateModified":"2026-03-31T08:36:20+00:00","description":"Klimapuzzle | Das Puzzle veranschaulicht die Gr\u00f6\u00dfenordnung der pers\u00f6nlichen Lebensstilwende und die wahre Bedeutung verschiedener Alltagshandlungen.","breadcrumb":{"@id":"https:\/\/d-mat.fi\/de\/klimapuzzle\/#breadcrumb"},"inLanguage":"de","potentialAction":[{"@type":"ReadAction","target":["https:\/\/d-mat.fi\/de\/klimapuzzle\/"]}]},{"@type":"BreadcrumbList","@id":"https:\/\/d-mat.fi\/de\/klimapuzzle\/#breadcrumb","itemListElement":[{"@type":"ListItem","position":1,"name":"Etusivu","item":"https:\/\/d-mat.fi\/"},{"@type":"ListItem","position":2,"name":"Klimapuzzle"}]},{"@type":"WebSite","@id":"https:\/\/d-mat.fi\/#website","url":"https:\/\/d-mat.fi\/","name":"D-mat","description":"We drive the shift towards one-planet lifestyles","publisher":{"@id":"https:\/\/d-mat.fi\/#organization"},"potentialAction":[{"@type":"SearchAction","target":{"@type":"EntryPoint","urlTemplate":"https:\/\/d-mat.fi\/?s={search_term_string}"},"query-input":"required name=search_term_string"}],"inLanguage":"de"},{"@type":"Organization","@id":"https:\/\/d-mat.fi\/#organization","name":"D-mat Oy","url":"https:\/\/d-mat.fi\/","logo":{"@type":"ImageObject","inLanguage":"de","@id":"https:\/\/d-mat.fi\/#\/schema\/logo\/image\/","url":"https:\/\/d-mat.fi\/wp-content\/uploads\/2023\/03\/tunnus_tummavihr.svg","contentUrl":"https:\/\/d-mat.fi\/wp-content\/uploads\/2023\/03\/tunnus_tummavihr.svg","width":144,"height":89,"caption":"D-mat Oy"},"image":{"@id":"https:\/\/d-mat.fi\/#\/schema\/logo\/image\/"},"sameAs":["https:\/\/www.facebook.com\/dmat.fi\/","https:\/\/www.linkedin.com\/company\/d-mat","https:\/\/www.instagram.com\/dmat_oy\/"]}]}},"_links":{"self":[{"href":"https:\/\/d-mat.fi\/de\/wp-json\/wp\/v2\/pages\/3569"}],"collection":[{"href":"https:\/\/d-mat.fi\/de\/wp-json\/wp\/v2\/pages"}],"about":[{"href":"https:\/\/d-mat.fi\/de\/wp-json\/wp\/v2\/types\/page"}],"author":[{"embeddable":true,"href":"https:\/\/d-mat.fi\/de\/wp-json\/wp\/v2\/users\/2"}],"replies":[{"embeddable":true,"href":"https:\/\/d-mat.fi\/de\/wp-json\/wp\/v2\/comments?post=3569"}],"version-history":[{"count":20,"href":"https:\/\/d-mat.fi\/de\/wp-json\/wp\/v2\/pages\/3569\/revisions"}],"predecessor-version":[{"id":4605,"href":"https:\/\/d-mat.fi\/de\/wp-json\/wp\/v2\/pages\/3569\/revisions\/4605"}],"wp:featuredmedia":[{"embeddable":true,"href":"https:\/\/d-mat.fi\/de\/wp-json\/wp\/v2\/media\/4104"}],"wp:attachment":[{"href":"https:\/\/d-mat.fi\/de\/wp-json\/wp\/v2\/media?parent=3569"}],"curies":[{"name":"wp","href":"https:\/\/api.w.org\/{rel}","templated":true}]}}